{"id":396,"date":"2023-09-04T19:47:32","date_gmt":"2023-09-04T18:47:32","guid":{"rendered":"https:\/\/transportelatino.com\/?page_id=396"},"modified":"2025-05-20T12:09:02","modified_gmt":"2025-05-20T11:09:02","slug":"contacto","status":"publish","type":"page","link":"https:\/\/transportelatino.com\/?page_id=396","title":{"rendered":"Contacto"},"content":{"rendered":"\t\t<div data-elementor-type=\"wp-page\" data-elementor-id=\"396\" class=\"elementor elementor-396\">\n\t\t\t\t\t\t<section class=\"has-el-gap el-gap-default elementor-section elementor-top-section elementor-element elementor-element-6fa86ac8 elementor-section-boxed elementor-section-height-default elementor-section-height-default\" data-id=\"6fa86ac8\" data-element_type=\"section\" data-e-type=\"section\" data-settings=\"{&quot;background_background&quot;:&quot;classic&quot;}\">\n\t\t\t\t\t\t<div class=\"elementor-container elementor-column-gap-no\">\n\t\t\t\t\t<div class=\"elementor-column elementor-col-100 elementor-top-column elementor-element elementor-element-3e596fe8\" data-id=\"3e596fe8\" data-element_type=\"column\" data-e-type=\"column\">\n\t\t\t<div class=\"elementor-widget-wrap elementor-element-populated\">\n\t\t\t\t\t\t<section class=\"has-el-gap el-gap-default elementor-section elementor-inner-section elementor-element elementor-element-1b92ebac elementor-section-boxed elementor-section-height-default elementor-section-height-default\" data-id=\"1b92ebac\" data-element_type=\"section\" data-e-type=\"section\">\n\t\t\t\t\t\t<div class=\"elementor-container elementor-column-gap-no\">\n\t\t\t\t\t<div class=\"elementor-column elementor-col-50 elementor-inner-column elementor-element elementor-element-7bdd19b\" data-id=\"7bdd19b\" data-element_type=\"column\" data-e-type=\"column\">\n\t\t\t<div class=\"elementor-widget-wrap elementor-element-populated\">\n\t\t\t\t\t\t<div class=\"elementor-element elementor-element-4dbd32e1 elementor-widget elementor-widget-smartmag-newsletter\" data-id=\"4dbd32e1\" data-element_type=\"widget\" data-e-type=\"widget\" data-widget_type=\"smartmag-newsletter.default\">\n\t\t\t\t<div class=\"elementor-widget-container\">\n\t\t\t\t\t<div class=\"block-newsletter s-dark\">\n\t<div class=\"spc-newsletter spc-newsletter-b spc-newsletter-left spc-newsletter-sm\">\n\n\t\t<div class=\"bg-wrap\"><\/div>\n\n\t\t\n\t\t<div class=\"inner\">\n\n\t\t\t\n\t\t\t\t\t\t\t\t\t\t\n\t\t\t<h3 class=\"heading\">\n\t\t\t\tSuscr\u00edbete a nuestro newsletter\t\t\t<\/h3>\n\n\t\t\t\t\t\t\t<div class=\"base-text message\">\n\t\t\t\t\t<p>Recibe las ultimas noticias del mundo del transporte directamente a tu inbox!<\/p>\n<p>\u00f3 escr\u00edbenos a:<\/p>\n<p>pr@arbolpublishing.com<\/p>\n<\/div>\n\t\t\t\n\t\t\t\t\t\t\t<form method=\"post\" action=\"\" class=\"form fields-style fields-inline\" target=\"_blank\">\n\t\t\t\t\t<div class=\"main-fields\">\n\t\t\t\t\t\t<p class=\"field-email\">\n\t\t\t\t\t\t\t<input type=\"email\" name=\"EMAIL\" placeholder=\"Your email address..\" required \/>\n\t\t\t\t\t\t<\/p>\n\t\t\t\t\t\t\n\t\t\t\t\t\t<p class=\"field-submit\">\n\t\t\t\t\t\t\t<input type=\"submit\" value=\"Enviar\" \/>\n\t\t\t\t\t\t<\/p>\n\t\t\t\t\t<\/div>\n\n\t\t\t\t\t\t\t\t\t\t\t<p class=\"disclaimer\">\n\t\t\t\t\t\t\t<label>\n\t\t\t\t\t\t\t\t\t\t\t\t\t\t\t\t\t<input type=\"checkbox\" name=\"privacy\" required \/>\n\t\t\t\t\t\t\t\t\n\t\t\t\t\t\t\t\tBy signing up, you agree to the our terms and our <a href=\"#\">Privacy Policy<\/a> agreement.\t\t\t\t\t\t\t<\/label>\n\t\t\t\t\t\t<\/p>\n\t\t\t\t\t\t\t\t\t<\/form>\n\t\t\t\n\t\t\t\n\t\t<\/div>\n\t<\/div>\n<\/div>\t\t\t\t<\/div>\n\t\t\t\t<\/div>\n\t\t\t\t\t<\/div>\n\t\t<\/div>\n\t\t\t\t<div class=\"elementor-column elementor-col-50 elementor-inner-column elementor-element elementor-element-6f4fec68\" data-id=\"6f4fec68\" data-element_type=\"column\" data-e-type=\"column\">\n\t\t\t<div class=\"elementor-widget-wrap elementor-element-populated\">\n\t\t\t\t\t\t\t<\/div>\n\t\t<\/div>\n\t\t\t\t\t<\/div>\n\t\t<\/section>\n\t\t\t\t\t<\/div>\n\t\t<\/div>\n\t\t\t\t\t<\/div>\n\t\t<\/section>\n\t\t\t\t<\/div>\n\t\t","protected":false},"excerpt":{"rendered":"<p>Suscr\u00edbete a nuestro newsletter Recibe las ultimas noticias del mundo del transporte directamente a tu inbox! \u00f3 escr\u00edbenos a: pr@arbolpublishing.com By signing up, you agree to the our terms and our Privacy Policy agreement.<\/p>\n","protected":false},"author":1,"featured_media":0,"parent":0,"menu_order":0,"comment_status":"closed","ping_status":"closed","template":"page-templates\/no-wrapper.php","meta":{"footnotes":""},"class_list":["post-396","page","type-page","status-publish"],"_links":{"self":[{"href":"https:\/\/transportelatino.com\/index.php?rest_route=\/wp\/v2\/pages\/396","targetHints":{"allow":["GET"]}}],"collection":[{"href":"https:\/\/transportelatino.com\/index.php?rest_route=\/wp\/v2\/pages"}],"about":[{"href":"https:\/\/transportelatino.com\/index.php?rest_route=\/wp\/v2\/types\/page"}],"author":[{"embeddable":true,"href":"https:\/\/transportelatino.com\/index.php?rest_route=\/wp\/v2\/users\/1"}],"replies":[{"embeddable":true,"href":"https:\/\/transportelatino.com\/index.php?rest_route=%2Fwp%2Fv2%2Fcomments&post=396"}],"version-history":[{"count":16,"href":"https:\/\/transportelatino.com\/index.php?rest_route=\/wp\/v2\/pages\/396\/revisions"}],"predecessor-version":[{"id":3415,"href":"https:\/\/transportelatino.com\/index.php?rest_route=\/wp\/v2\/pages\/396\/revisions\/3415"}],"wp:attachment":[{"href":"https:\/\/transportelatino.com\/index.php?rest_route=%2Fwp%2Fv2%2Fmedia&parent=396"}],"curies":[{"name":"wp","href":"https:\/\/api.w.org\/{rel}","templated":true}]}}